{"id":6,"date":"2010-12-20T11:26:30","date_gmt":"2010-12-20T10:26:30","guid":{"rendered":"http:\/\/www.rode.awadoo.de\/blog\/?page_id=2"},"modified":"2012-05-09T13:54:58","modified_gmt":"2012-05-09T13:54:58","slug":"eine-seite","status":"publish","type":"page","link":"http:\/\/www.rode.awadoo.de\/blog\/?page_id=6","title":{"rendered":"\u00dcber diesen Blog"},"content":{"rendered":"<p>Ich habe schon viele Bilder in Galerien online gestellt und auch wieder weggel\u00f6scht. Nun m\u00f6chte ich einmal versuchen, meine Bilder auf andere Art und Weise zu pr\u00e4sentieren. Einen t\u00e4glichen Update wird es wohl nicht geben, denn ich knipse ja nicht jeden Tag, aber ich kann ja zuerst einmal die Bilder der letzten drei Jahre hier reinverklappen.<\/p>\n<p>Die erste Installation fand am 20. Dezember 2010 statt und in den n\u00e4chsten Tagen oder Wochen kann sich das Erscheinungsbild durchaus noch \u00e4ndern.<\/p>\n<p>Die Kommentierungen von Artikeln ist f\u00fcr den normalen Besucher geschlossen, nachdem sich doch \u00fcberwiegend Leute verewigen wollten, die irgendwelche helfende Pillchen andrehen wollten. Eingeloggte Benutzer d\u00fcrfen aber Kommentare abgeben.<\/p>\n<p>Nun im August 2011 habe in nun angefangen die alten Galerien hierher umzuziehen. Aber viele Bilder werden dabei verschwinden, einfach auch, weil sie nicht verlinkt waren und nur eingeweihtem Publikum bekannt waren.<\/p>\n<p><em>Update 4.11.2011<\/em><br \/>\nDer Blog wurde nun plugin-technisch soweit ausgebaut und angetestet, so da\u00df er nun als Collaboration-Platform f\u00fcr einige Foto-Projekte hergenommen wird. Ich nutze es zur Kommunikation mit den Leuten die ich fotografieren m\u00f6chte oder schon fotografiert habe. Ich kann somit die Vorabergebnisse, Post-Proze\u00df-Fortschritt und Bearbeitungsoptionen zeigen und von den abgelichteten Leuten beurteilen lassen oder auch um Freigaben f\u00fcr einzelne Fotos fragen, unter Ausschlu\u00df der \u00d6ffentlichkeit und ohne Mail-Attachment-Schwemme.<br \/>\nAu\u00dferdem wird nun diese Platform f\u00fcr die Zusammenarbeit eines Fotografie-Verein, der Fotogruppe Ritterhude genutzt, der ich neuerdings angeh\u00f6re. Mal sehen, wie es sich entwickelt.<\/p>\n<p><em>Update M\u00e4rz 2012<\/em><br \/>\nDie Dom\u00e4ne xbeach.com wird meinem Provider entzogen, da ganz ganz pl\u00f6tzlich ein Markenschutz auf dem Namen xbeach liegt.Der Rechner wird in awadoo.de umgetauft und nun ist mein Blog unter der Adresse rode.awadoo.de erreichbar.<\/p>\n<p><em>Update 9.5.2012<\/em><br \/>\nGestern habe ich den Blog neu installiert, die alten Inhalte importiert und dabei das Design ge\u00e4ndert. Die Inhalte zu der Fotogruppe und dem Projekt Scharmbecker Bach sind nun r\u00fcbergewandert zu der www.fotogruppe-ritterhude.de .<\/p>\n","protected":false},"excerpt":{"rendered":"<p>Ich habe schon viele Bilder in Galerien online gestellt und&#8230;<\/p>\n","protected":false},"author":1,"featured_media":0,"parent":0,"menu_order":1,"comment_status":"closed","ping_status":"closed","template":"","meta":{"_s2mail":"no","ngg_post_thumbnail":0,"spay_email":""},"language":[],"jetpack_sharing_enabled":true,"jetpack_shortlink":"https:\/\/wp.me\/P86zzF-6","_links":{"self":[{"href":"http:\/\/www.rode.awadoo.de\/blog\/index.php?rest_route=\/wp\/v2\/pages\/6"}],"collection":[{"href":"http:\/\/www.rode.awadoo.de\/blog\/index.php?rest_route=\/wp\/v2\/pages"}],"about":[{"href":"http:\/\/www.rode.awadoo.de\/blog\/index.php?rest_route=\/wp\/v2\/types\/page"}],"author":[{"embeddable":true,"href":"http:\/\/www.rode.awadoo.de\/blog\/index.php?rest_route=\/wp\/v2\/users\/1"}],"replies":[{"embeddable":true,"href":"http:\/\/www.rode.awadoo.de\/blog\/index.php?rest_route=%2Fwp%2Fv2%2Fcomments&post=6"}],"version-history":[{"count":2,"href":"http:\/\/www.rode.awadoo.de\/blog\/index.php?rest_route=\/wp\/v2\/pages\/6\/revisions"}],"predecessor-version":[{"id":1376,"href":"http:\/\/www.rode.awadoo.de\/blog\/index.php?rest_route=\/wp\/v2\/pages\/6\/revisions\/1376"}],"wp:attachment":[{"href":"http:\/\/www.rode.awadoo.de\/blog\/index.php?rest_route=%2Fwp%2Fv2%2Fmedia&parent=6"}],"wp:term":[{"taxonomy":"language","embeddable":true,"href":"http:\/\/www.rode.awadoo.de\/blog\/index.php?rest_route=%2Fwp%2Fv2%2Flanguage&post=6"}],"curies":[{"name":"wp","href":"https:\/\/api.w.org\/{rel}","templated":true}]}}