{"id":598,"date":"2011-09-02T08:56:33","date_gmt":"2011-09-02T07:56:33","guid":{"rendered":"http:\/\/www.rode.awadoo.de\/blog\/?page_id=598"},"modified":"2011-09-02T08:56:33","modified_gmt":"2011-09-02T07:56:33","slug":"impressum","status":"publish","type":"page","link":"http:\/\/www.rode.awadoo.de\/blog\/?page_id=598","title":{"rendered":"Impressum"},"content":{"rendered":"<p><strong>Inhaltsanbieter:<\/strong><br \/>\nVolker Rode<br \/>\nSchillerstrasse 6a<br \/>\n27711 Osterholz-Scharmbeck<br \/>\nTel.: 04791 899471<br \/>\neMail: info (at) vrode.de<\/p>\n<p>F\u00fcr alle Links die nicht innerhalb der Dom\u00e4ne rode.awadoo.de verzweigen gilt: Wir m\u00f6chten ausdr\u00fccklich betonen, dass wir keinerlei Einfluss auf die Gestaltung und die Inhalte der gelinkten Seiten haben. Deshalb distanzieren wir uns hiermit ausdr\u00fccklich von allen Inhalten aller gelinkten Seiten auf unserer Internetpr\u00e4sentation und machen uns deren Inhalte nicht zu Eigen. Diese Erkl\u00e4rung gilt f\u00fcr alle auf unserer Internetpr\u00e4sentation angebrachten Links.<\/p>\n<p>\u00a9 2011 &#8211; Alle Inhalte, Bilder, Karten und Grafiken sind mein geistiges Eigentum und urheberrechtlich gesch\u00fctzt! Das Verwenden der Bilder dieser Site ist ohne Genehmigung nicht erlaubt. Sollten Sie Gefallen an den Bildern finden und einzelne Bilder verwenden wollen, dann schreiben Sie eine eMail.<\/p>\n","protected":false},"excerpt":{"rendered":"<p>Inhaltsanbieter: Volker Rode Schillerstrasse 6a 27711 Osterholz-Scharmbeck Tel.: 04791 899471&#8230;<\/p>\n","protected":false},"author":1,"featured_media":0,"parent":0,"menu_order":99,"comment_status":"closed","ping_status":"closed","template":"","meta":{"_s2mail":"yes","ngg_post_thumbnail":0,"spay_email":""},"language":[],"jetpack_sharing_enabled":true,"jetpack_shortlink":"https:\/\/wp.me\/P86zzF-9E","_links":{"self":[{"href":"http:\/\/www.rode.awadoo.de\/blog\/index.php?rest_route=\/wp\/v2\/pages\/598"}],"collection":[{"href":"http:\/\/www.rode.awadoo.de\/blog\/index.php?rest_route=\/wp\/v2\/pages"}],"about":[{"href":"http:\/\/www.rode.awadoo.de\/blog\/index.php?rest_route=\/wp\/v2\/types\/page"}],"author":[{"embeddable":true,"href":"http:\/\/www.rode.awadoo.de\/blog\/index.php?rest_route=\/wp\/v2\/users\/1"}],"replies":[{"embeddable":true,"href":"http:\/\/www.rode.awadoo.de\/blog\/index.php?rest_route=%2Fwp%2Fv2%2Fcomments&post=598"}],"version-history":[{"count":0,"href":"http:\/\/www.rode.awadoo.de\/blog\/index.php?rest_route=\/wp\/v2\/pages\/598\/revisions"}],"wp:attachment":[{"href":"http:\/\/www.rode.awadoo.de\/blog\/index.php?rest_route=%2Fwp%2Fv2%2Fmedia&parent=598"}],"wp:term":[{"taxonomy":"language","embeddable":true,"href":"http:\/\/www.rode.awadoo.de\/blog\/index.php?rest_route=%2Fwp%2Fv2%2Flanguage&post=598"}],"curies":[{"name":"wp","href":"https:\/\/api.w.org\/{rel}","templated":true}]}}