{"id":494,"date":"2011-08-25T20:31:19","date_gmt":"2011-08-25T19:31:19","guid":{"rendered":"http:\/\/www.rode.awadoo.de\/blog\/?page_id=494"},"modified":"2018-07-29T11:18:15","modified_gmt":"2018-07-29T11:18:15","slug":"galerien-test","status":"publish","type":"page","link":"http:\/\/www.rode.awadoo.de\/blog\/","title":{"rendered":"Odo&#8217;s Galerie"},"content":{"rendered":"<p><strong>\u00dcbersicht \u00fcber die einzelnen Galerieseiten<\/strong><\/p>\n<table border=\"0\">\n<tbody>\n<tr>\n<td><em><strong>Portfolio<\/strong><\/em><br \/>\nEin \u00dcbersicht \u00fcber die Bandbreite meiner Aufnahmen und somit auch ein wenig ein &#8216;Best of&#8217;<br \/>\n<a title=\"Portfolio\" href=\"..\/blog\/?page_id=1576\"><img loading=\"lazy\" src=\"..\/blog\/wp-content\/uploads\/photo-gallery\/AcousticLevel.jpg?date=2014-09-14%2011:19:47\" alt=\"\" width=\"300\" height=\"200\" border=\"0\"><\/a><\/td>\n<td><em><strong>Instagram<\/strong><\/em><br \/>\nEine Auswahl<br \/>\n<a title=\"Instagram\" href=\"..\/blog\/?page_id=1648\"><img loading=\"lazy\" src=\"..\/blog\/wp-content\/uploads\/photo-gallery\/20150528-Thorlakshoefn-31447-5x4-1080.jpg\" alt=\"\" width=\"300\" height=\"225\" border=\"0\"><\/a><\/td>\n<\/tr>\n<tr>\n<td><em><strong>Reflection &amp; Refraction<\/strong><\/em><br \/>\nSpielereien mit Glaskugeln und anderen Objekten<br \/>\n<a title=\"Reflection &amp; Refraction\" href=\"..\/blog\/?page_id=1571\"><img loading=\"lazy\" src=\"..\/blog\/wp-content\/uploads\/photo-gallery\/20140810-Glas-VR2_9900.jpg?date=2014-09-14%2013:03:29\" alt=\"\" width=\"300\" height=\"200\" border=\"0\"><\/a><\/td>\n<td><em><strong>Landschaft &amp; HDR<\/strong><\/em><br \/>\nLandschaftsaufnahmen aus Belichtungsreihen<br \/>\n<a title=\"Landschaft &amp; HDR\" href=\"..\/blog\/?page_id=1582\"><img loading=\"lazy\" src=\"..\/blog\/wp-content\/uploads\/photo-gallery\/3155_pregamma_1_fattal_alph.jpg?date=2014-09-14%2013:06:59\" alt=\"\" width=\"300\" height=\"225\" border=\"0\"><\/a><\/td>\n<\/tr>\n<tr>\n<td><em><strong>Kreta<\/strong><\/em><br \/>\nEinige Urlaubsaufnahmen<br \/>\n<a title=\"Kreta\" href=\"..\/blog\/?page_id=1579\"><img loading=\"lazy\" src=\"..\/blog\/wp-content\/uploads\/photo-gallery\/20140826-Sonnenuntergang-DSCN2490.jpg?date=2014-09-14%2013:39:59\" alt=\"\" width=\"300\" height=\"240\" border=\"0\"><\/a><\/td>\n<td><em><strong>Rust &amp; Decay<\/strong><\/em><br \/>\nRost, Verfall, Dreck, verlassene Orte, auch immer eine Einladung DRI-Aufnahmen zu machen<br \/>\n<a title=\"Rust &amp; Decay\" href=\"http:\/\/www.rode.awadoo.de\/blog\/?page_id=496\"><img loading=\"lazy\" src=\"..\/blog\/wp-content\/gallery\/rust-and-decay\/20091229-Gartentore-VR2_7585mk.jpg?i=729264177\" alt=\"\" width=\"300\" height=\"200\" border=\"0\"><\/a><\/td>\n<\/tr>\n<\/tbody>\n<\/table>\n","protected":false},"excerpt":{"rendered":"<p>\u00dcbersicht \u00fcber die einzelnen Galerieseiten Portfolio Ein \u00dcbersicht \u00fcber die&#8230;<\/p>\n","protected":false},"author":1,"featured_media":0,"parent":0,"menu_order":10,"comment_status":"open","ping_status":"closed","template":"","meta":{"_s2mail":"no","ngg_post_thumbnail":0,"spay_email":""},"language":[5],"jetpack_sharing_enabled":true,"jetpack_shortlink":"https:\/\/wp.me\/P86zzF-7Y","_links":{"self":[{"href":"http:\/\/www.rode.awadoo.de\/blog\/index.php?rest_route=\/wp\/v2\/pages\/494"}],"collection":[{"href":"http:\/\/www.rode.awadoo.de\/blog\/index.php?rest_route=\/wp\/v2\/pages"}],"about":[{"href":"http:\/\/www.rode.awadoo.de\/blog\/index.php?rest_route=\/wp\/v2\/types\/page"}],"author":[{"embeddable":true,"href":"http:\/\/www.rode.awadoo.de\/blog\/index.php?rest_route=\/wp\/v2\/users\/1"}],"replies":[{"embeddable":true,"href":"http:\/\/www.rode.awadoo.de\/blog\/index.php?rest_route=%2Fwp%2Fv2%2Fcomments&post=494"}],"version-history":[{"count":20,"href":"http:\/\/www.rode.awadoo.de\/blog\/index.php?rest_route=\/wp\/v2\/pages\/494\/revisions"}],"predecessor-version":[{"id":1746,"href":"http:\/\/www.rode.awadoo.de\/blog\/index.php?rest_route=\/wp\/v2\/pages\/494\/revisions\/1746"}],"wp:attachment":[{"href":"http:\/\/www.rode.awadoo.de\/blog\/index.php?rest_route=%2Fwp%2Fv2%2Fmedia&parent=494"}],"wp:term":[{"taxonomy":"language","embeddable":true,"href":"http:\/\/www.rode.awadoo.de\/blog\/index.php?rest_route=%2Fwp%2Fv2%2Flanguage&post=494"}],"curies":[{"name":"wp","href":"https:\/\/api.w.org\/{rel}","templated":true}]}}