{"id":213,"date":"2011-02-18T11:03:40","date_gmt":"2011-02-18T10:03:40","guid":{"rendered":"http:\/\/www.rode.awadoo.de\/blog\/?page_id=213"},"modified":"2012-08-22T16:17:35","modified_gmt":"2012-08-22T16:17:35","slug":"uber-die-kategorien","status":"publish","type":"page","link":"http:\/\/www.rode.awadoo.de\/blog\/?page_id=213","title":{"rendered":"\u00dcber die Kategorien"},"content":{"rendered":"<p>Hier eine \u00dcbersicht, \u00fcber die Kategorien, in die ich meine Artikel einsortiere:<\/p>\n<ul>\n<li><a title=\"Alle unter &quot;Alte Fotos&quot; abgelegten Artikel ansehen\" href=\"\/blog\/?cat=6\">&#8220;Alte Fotos&#8221;<\/a>: Nicht aktuelle Bilder, die ich aus meiner Bibliothek gezogen habe<\/li>\n<li><a title=\"Alle unter Dokumentarisches abgelegten Artikel ansehen\" href=\"\/blog\/?cat=7\">Dokumentarisches<\/a>: Bilder mit Dokumentations-Charakter<\/li>\n<li><a title=\"Alle unter Frankreich abgelegten Artikel ansehen\" href=\"\/blog\/?cat=10\">Frankreich<\/a>: Bilder aus Frankreich<\/li>\n<li><a title=\"Alle unter Fototechnik abgelegten Artikel ansehen\" href=\"\/blog\/?cat=9\">Fototechnik<\/a>: Erkl\u00e4rungen zu Grundlagen oder Experimenten<\/li>\n<li><a title=\"Alle unter Landschaft abgelegten Artikel ansehen\" href=\"\/blog\/?cat=12\">Landschaft<\/a>: Selbstredend, wobei es nicht unbedingt die unber\u00fchrte Natur sein mu\u00df, denn eine Industrielandschaft ist auch eine Landschaft.<\/li>\n<li><a title=\"Alle unter Langzeitbelichtung abgelegten Artikel ansehen\" href=\"\/blog\/?cat=13\">Langzeitbelichtung<\/a>: Mit dem Stativ, also alles was l\u00e4nger als eine achtel Sekunde ist<\/li>\n<li><a title=\"Alle unter Live abgelegten Artikel ansehen\" href=\"\/blog\/?cat=14\">Live<\/a>: Konzerte und andere Auff\u00fchrungen<\/li>\n<li><a title=\"Alle unter Makro abgelegten Artikel ansehen\" href=\"\/blog\/?cat=15\">Makro<\/a>: Mit dem Makroobjektiv oder der Nahlinse dicht heran gegangen<\/li>\n<li><a title=\"Alle unter Simple Click abgelegten Artikel ansehen\" href=\"..\/?cat=18\">Simple Click<\/a>: Einfach ohne gro\u00dfe Planung spontan entstanden<\/li>\n<li><a title=\"Alle unter Stills abgelegten Artikel ansehen\" href=\"\/blog\/?cat=19\">Stills<\/a>: Stilleben, grafisches<\/li>\n<li><a title=\"Alle unter Tiere abgelegten Artikel ansehen\" href=\"\/blog\/?cat=21\">Tiere<\/a>: Lebendiges<\/li>\n<li><a title=\"Alle unter Technik abgelegten Artikel ansehen\" href=\"\/blog\/?cat=20\">Technik<\/a>: Nicht so lebendiges<\/li>\n<li><a title=\"Alle unter Web abgelegten Artikel ansehen\" href=\"\/blog\/?cat=22\">Web<\/a>: Informationen, die mit Webseiten zu tun haben<\/li>\n<\/ul>\n","protected":false},"excerpt":{"rendered":"<p>Hier eine \u00dcbersicht, \u00fcber die Kategorien, in die ich meine&#8230;<\/p>\n","protected":false},"author":1,"featured_media":0,"parent":0,"menu_order":0,"comment_status":"closed","ping_status":"closed","template":"","meta":{"_s2mail":"yes","ngg_post_thumbnail":0,"spay_email":""},"language":[],"jetpack_sharing_enabled":true,"jetpack_shortlink":"https:\/\/wp.me\/P86zzF-3r","_links":{"self":[{"href":"http:\/\/www.rode.awadoo.de\/blog\/index.php?rest_route=\/wp\/v2\/pages\/213"}],"collection":[{"href":"http:\/\/www.rode.awadoo.de\/blog\/index.php?rest_route=\/wp\/v2\/pages"}],"about":[{"href":"http:\/\/www.rode.awadoo.de\/blog\/index.php?rest_route=\/wp\/v2\/types\/page"}],"author":[{"embeddable":true,"href":"http:\/\/www.rode.awadoo.de\/blog\/index.php?rest_route=\/wp\/v2\/users\/1"}],"replies":[{"embeddable":true,"href":"http:\/\/www.rode.awadoo.de\/blog\/index.php?rest_route=%2Fwp%2Fv2%2Fcomments&post=213"}],"version-history":[{"count":3,"href":"http:\/\/www.rode.awadoo.de\/blog\/index.php?rest_route=\/wp\/v2\/pages\/213\/revisions"}],"predecessor-version":[{"id":1417,"href":"http:\/\/www.rode.awadoo.de\/blog\/index.php?rest_route=\/wp\/v2\/pages\/213\/revisions\/1417"}],"wp:attachment":[{"href":"http:\/\/www.rode.awadoo.de\/blog\/index.php?rest_route=%2Fwp%2Fv2%2Fmedia&parent=213"}],"wp:term":[{"taxonomy":"language","embeddable":true,"href":"http:\/\/www.rode.awadoo.de\/blog\/index.php?rest_route=%2Fwp%2Fv2%2Flanguage&post=213"}],"curies":[{"name":"wp","href":"https:\/\/api.w.org\/{rel}","templated":true}]}}