{"id":1571,"date":"2014-08-11T14:38:53","date_gmt":"2014-08-11T14:38:53","guid":{"rendered":"http:\/\/www.rode.awadoo.de\/blog\/?page_id=1571"},"modified":"2018-07-29T11:23:40","modified_gmt":"2018-07-29T11:23:40","slug":"reflection-and-refraction","status":"publish","type":"page","link":"http:\/\/www.rode.awadoo.de\/blog\/?page_id=1571","title":{"rendered":"Reflection and Refraction"},"content":{"rendered":"<style id=\"bwg-style-0\">    #bwg_container1_0 #bwg_container2_0 .bwg-container-0.bwg-standard-thumbnails {      width: 904px;              justify-content: center;        margin:0 auto !important;              background-color: rgba(255, 255, 255, 0.00);            padding-left: 4px;      padding-top: 4px;      max-width: 100%;            }        #bwg_container1_0 #bwg_container2_0 .bwg-container-0.bwg-standard-thumbnails .bwg-item {    justify-content: flex-start;      max-width: 300px;            width: 300px !important;          }    #bwg_container1_0 #bwg_container2_0 .bwg-container-0.bwg-standard-thumbnails .bwg-item > a {       margin-right: 4px;       margin-bottom: 4px;    }    #bwg_container1_0 #bwg_container2_0 .bwg-container-0.bwg-standard-thumbnails .bwg-item0 {      padding: 0px;            background-color:rgba(255,255,255, 0.30);      border: 0px none #CCCCCC;      opacity: 1.00;      border-radius: 0;      box-shadow: 0px 0px 0px #888888;    }    #bwg_container1_0 #bwg_container2_0 .bwg-container-0.bwg-standard-thumbnails .bwg-item1 img {      max-height: none;      max-width: none;      padding: 0 !important;    }        @media only screen and (min-width: 480px) {      #bwg_container1_0 #bwg_container2_0 .bwg-container-0.bwg-standard-thumbnails .bwg-item0 {        transition: all 0.3s ease 0s;-webkit-transition: all 0.3s ease 0s;      }      #bwg_container1_0 #bwg_container2_0 .bwg-container-0.bwg-standard-thumbnails .bwg-item0:hover {        -ms-transform: scale(1.1);        -webkit-transform: scale(1.1);        transform: scale(1.1);      }    }          #bwg_container1_0 #bwg_container2_0 .bwg-container-0.bwg-standard-thumbnails .bwg-item1 {      padding-top: 100%;    }        #bwg_container1_0 #bwg_container2_0 .bwg-container-0.bwg-standard-thumbnails .bwg-title1 {      position: absolute;      top: 0;      z-index: 100;      width: 100%;      height: 100%;      display: flex;      justify-content: center;      align-content: center;      flex-direction: column;      opacity: 0;    }\t      #bwg_container1_0 #bwg_container2_0 .bwg-container-0.bwg-standard-thumbnails .bwg-title2,    #bwg_container1_0 #bwg_container2_0 .bwg-container-0.bwg-standard-thumbnails .bwg-ecommerce2 {      color: #FFFFFF;      font-family: segoe ui;      font-size: 16px;      font-weight: bold;      padding: 2px;      text-shadow: 0px 0px 0px #888888;      max-height: 100%;    }    #bwg_container1_0 #bwg_container2_0 .bwg-container-0.bwg-standard-thumbnails .bwg-thumb-description span {    color: #323A45;    font-family: Ubuntu;    font-size: 12px;    max-height: 100%;    word-wrap: break-word;    }    #bwg_container1_0 #bwg_container2_0 .bwg-container-0.bwg-standard-thumbnails .bwg-play-icon2 {      font-size: 32px;    }    #bwg_container1_0 #bwg_container2_0 .bwg-container-0.bwg-standard-thumbnails .bwg-ecommerce2 {      font-size: 19.2px;      color: #CCCCCC;    }    <\/style>    <div id=\"bwg_container1_0\"         class=\"bwg_container bwg_thumbnail bwg_thumbnails\"         data-right-click-protection=\"0\"         data-bwg=\"0\"         data-scroll=\"0\"         data-gallery-type=\"thumbnails\"         data-current-url=\"http:\/\/www.rode.awadoo.de\/blog\/index.php?rest_route=%2Fwp%2Fv2%2Fpages%2F1571\"         data-lightbox-url=\"http:\/\/www.rode.awadoo.de\/blog\/wp-admin\/admin-ajax.php?action=GalleryBox&#038;current_view=0&#038;gallery_id=2&#038;tag=0&#038;theme_id=1&#038;shortcode_id=30&#038;sort_by=order&#038;order_by=asc&#038;current_url=http%3A%2F%2Fwww.rode.awadoo.de%2Fblog%2Findex.php%3Frest_route%3D%252Fwp%252Fv2%252Fpages%252F1571\"         data-gallery-id=\"2\"         data-popup-width=\"800\"         data-popup-height=\"500\"         data-is-album=\"gallery\"         data-buttons-position=\"bottom\">      <div id=\"bwg_container2_0\">             <div id=\"ajax_loading_0\" class=\"bwg_loading_div_1\">      <div class=\"bwg_loading_div_2\">        <div class=\"bwg_loading_div_3\">          <div id=\"loading_div_0\" class=\"bwg_spider_ajax_loading\">          <\/div>        <\/div>      <\/div>    <\/div>            <form id=\"gal_front_form_0\"              class=\"bwg-hidden\"              method=\"post\"              action=\"#\"              data-current=\"0\"              data-shortcode-id=\"30\"              data-gallery-type=\"thumbnails\"              data-gallery-id=\"2\"              data-tag=\"0\"              data-album-id=\"0\"              data-theme-id=\"1\"              data-ajax-url=\"http:\/\/www.rode.awadoo.de\/blog\/wp-admin\/admin-ajax.php?action=bwg_frontend_data\">          <div id=\"bwg_container3_0\" class=\"bwg-background bwg-background-0\">                <div data-max-count=\"3\"         data-thumbnail-width=\"300\"         data-bwg=\"0\"         data-gallery-id=\"2\"         data-lightbox-url=\"http:\/\/www.rode.awadoo.de\/blog\/wp-admin\/admin-ajax.php?action=GalleryBox&amp;current_view=0&amp;gallery_id=2&amp;tag=0&amp;theme_id=1&amp;shortcode_id=30&amp;sort_by=order&amp;order_by=asc&amp;current_url=http%3A%2F%2Fwww.rode.awadoo.de%2Fblog%2Findex.php%3Frest_route%3D%252Fwp%252Fv2%252Fpages%252F1571\"         id=\"bwg_thumbnails_0\"         class=\"bwg-container-0 bwg-thumbnails bwg-standard-thumbnails bwg-container bwg-border-box\">            <div class=\"bwg-item\">        <a class=\"bwg-a bwg_lightbox\"  data-image-id=\"45\" href=\"http:\/\/www.rode.awadoo.de\/blog\/wp-content\/uploads\/photo-gallery\/20140629-Kugeln-VR2_9305-40zu50sLEDk.jpg\" data-elementor-open-lightbox=\"no\">                <div class=\"bwg-item0 \">          <div class=\"bwg-item1 \">            <div class=\"bwg-item2\">              <img class=\"skip-lazy bwg_standart_thumb_img_0 \"                   data-id=\"45\"                   data-width=\"\"                   data-height=\"\"                   data-src=\"http:\/\/www.rode.awadoo.de\/blog\/wp-content\/uploads\/photo-gallery\/thumb\/20140629-Kugeln-VR2_9305-40zu50sLEDk.jpg\"                   src=\"http:\/\/www.rode.awadoo.de\/blog\/wp-content\/uploads\/photo-gallery\/thumb\/20140629-Kugeln-VR2_9305-40zu50sLEDk.jpg\"                   alt=\"20140629-Kugeln-VR2_9305-40zu50sLEDk\"                   title=\"20140629-Kugeln-VR2_9305-40zu50sLEDk\" \/>            <\/div>            <div class=\"\">              <div class=\"bwg-title1\"><div class=\"bwg-title2\">20140629-Kugeln-VR2_9305-40zu50sLEDk<\/div><\/div>                                        <\/div>          <\/div>        <\/div>                        <\/a>              <\/div>            <div class=\"bwg-item\">        <a class=\"bwg-a bwg_lightbox\"  data-image-id=\"44\" href=\"http:\/\/www.rode.awadoo.de\/blog\/wp-content\/uploads\/photo-gallery\/20140629-Kugeln-VR2_9305-40zu50sk.jpg\" data-elementor-open-lightbox=\"no\">                <div class=\"bwg-item0 \">          <div class=\"bwg-item1 \">            <div class=\"bwg-item2\">              <img class=\"skip-lazy bwg_standart_thumb_img_0 \"                   data-id=\"44\"                   data-width=\"\"                   data-height=\"\"                   data-src=\"http:\/\/www.rode.awadoo.de\/blog\/wp-content\/uploads\/photo-gallery\/thumb\/20140629-Kugeln-VR2_9305-40zu50sk.jpg\"                   src=\"http:\/\/www.rode.awadoo.de\/blog\/wp-content\/uploads\/photo-gallery\/thumb\/20140629-Kugeln-VR2_9305-40zu50sk.jpg\"                   alt=\"20140629-Kugeln-VR2_9305-40zu50sk\"                   title=\"20140629-Kugeln-VR2_9305-40zu50sk\" \/>            <\/div>            <div class=\"\">              <div class=\"bwg-title1\"><div class=\"bwg-title2\">20140629-Kugeln-VR2_9305-40zu50sk<\/div><\/div>                                        <\/div>          <\/div>        <\/div>                        <\/a>              <\/div>            <div class=\"bwg-item\">        <a class=\"bwg-a bwg_lightbox\"  data-image-id=\"43\" href=\"http:\/\/www.rode.awadoo.de\/blog\/wp-content\/uploads\/photo-gallery\/20140629-Kugeln-VR2_9297-40zu50sk.jpg\" data-elementor-open-lightbox=\"no\">                <div class=\"bwg-item0 \">          <div class=\"bwg-item1 \">            <div class=\"bwg-item2\">              <img class=\"skip-lazy bwg_standart_thumb_img_0 \"                   data-id=\"43\"                   data-width=\"\"                   data-height=\"\"                   data-src=\"http:\/\/www.rode.awadoo.de\/blog\/wp-content\/uploads\/photo-gallery\/thumb\/20140629-Kugeln-VR2_9297-40zu50sk.jpg\"                   src=\"http:\/\/www.rode.awadoo.de\/blog\/wp-content\/uploads\/photo-gallery\/thumb\/20140629-Kugeln-VR2_9297-40zu50sk.jpg\"                   alt=\"20140629-Kugeln-VR2_9297-40zu50sk\"                   title=\"20140629-Kugeln-VR2_9297-40zu50sk\" \/>            <\/div>            <div class=\"\">              <div class=\"bwg-title1\"><div class=\"bwg-title2\">20140629-Kugeln-VR2_9297-40zu50sk<\/div><\/div>                                        <\/div>          <\/div>        <\/div>                        <\/a>              <\/div>            <div class=\"bwg-item\">        <a class=\"bwg-a bwg_lightbox\"  data-image-id=\"25\" href=\"http:\/\/www.rode.awadoo.de\/blog\/wp-content\/uploads\/photo-gallery\/20140629-Glas-VR2_9358.jpg\" data-elementor-open-lightbox=\"no\">                <div class=\"bwg-item0 \">          <div class=\"bwg-item1 \">            <div class=\"bwg-item2\">              <img class=\"skip-lazy bwg_standart_thumb_img_0 \"                   data-id=\"25\"                   data-width=\"\"                   data-height=\"\"                   data-src=\"http:\/\/www.rode.awadoo.de\/blog\/wp-content\/uploads\/photo-gallery\/thumb\/20140629-Glas-VR2_9358.jpg\"                   src=\"http:\/\/www.rode.awadoo.de\/blog\/wp-content\/uploads\/photo-gallery\/thumb\/20140629-Glas-VR2_9358.jpg\"                   alt=\"20140629-Glas-VR2_9358\"                   title=\"20140629-Glas-VR2_9358\" \/>            <\/div>            <div class=\"\">              <div class=\"bwg-title1\"><div class=\"bwg-title2\">20140629-Glas-VR2_9358<\/div><\/div>                                        <\/div>          <\/div>        <\/div>                        <\/a>              <\/div>            <div class=\"bwg-item\">        <a class=\"bwg-a bwg_lightbox\"  data-image-id=\"18\" href=\"http:\/\/www.rode.awadoo.de\/blog\/wp-content\/uploads\/photo-gallery\/20140629-Glas-VR2_9315.jpg\" data-elementor-open-lightbox=\"no\">                <div class=\"bwg-item0 \">          <div class=\"bwg-item1 \">            <div class=\"bwg-item2\">              <img class=\"skip-lazy bwg_standart_thumb_img_0 \"                   data-id=\"18\"                   data-width=\"\"                   data-height=\"\"                   data-src=\"http:\/\/www.rode.awadoo.de\/blog\/wp-content\/uploads\/photo-gallery\/thumb\/20140629-Glas-VR2_9315.jpg\"                   src=\"http:\/\/www.rode.awadoo.de\/blog\/wp-content\/uploads\/photo-gallery\/thumb\/20140629-Glas-VR2_9315.jpg\"                   alt=\"20140629-Glas-VR2_9315\"                   title=\"20140629-Glas-VR2_9315\" \/>            <\/div>            <div class=\"\">              <div class=\"bwg-title1\"><div class=\"bwg-title2\">20140629-Glas-VR2_9315<\/div><\/div>                                        <\/div>          <\/div>        <\/div>                        <\/a>              <\/div>            <div class=\"bwg-item\">        <a class=\"bwg-a bwg_lightbox\"  data-image-id=\"19\" href=\"http:\/\/www.rode.awadoo.de\/blog\/wp-content\/uploads\/photo-gallery\/20140629-Glas-VR2_9342.jpg\" data-elementor-open-lightbox=\"no\">                <div class=\"bwg-item0 \">          <div class=\"bwg-item1 \">            <div class=\"bwg-item2\">              <img class=\"skip-lazy bwg_standart_thumb_img_0 \"                   data-id=\"19\"                   data-width=\"\"                   data-height=\"\"                   data-src=\"http:\/\/www.rode.awadoo.de\/blog\/wp-content\/uploads\/photo-gallery\/thumb\/20140629-Glas-VR2_9342.jpg\"                   src=\"http:\/\/www.rode.awadoo.de\/blog\/wp-content\/uploads\/photo-gallery\/thumb\/20140629-Glas-VR2_9342.jpg\"                   alt=\"20140629-Glas-VR2_9342\"                   title=\"20140629-Glas-VR2_9342\" \/>            <\/div>            <div class=\"\">              <div class=\"bwg-title1\"><div class=\"bwg-title2\">20140629-Glas-VR2_9342<\/div><\/div>                                        <\/div>          <\/div>        <\/div>                        <\/a>              <\/div>            <div class=\"bwg-item\">        <a class=\"bwg-a bwg_lightbox\"  data-image-id=\"24\" href=\"http:\/\/www.rode.awadoo.de\/blog\/wp-content\/uploads\/photo-gallery\/20140810-Glas-VR2_9900.jpg\" data-elementor-open-lightbox=\"no\">                <div class=\"bwg-item0 \">          <div class=\"bwg-item1 \">            <div class=\"bwg-item2\">              <img class=\"skip-lazy bwg_standart_thumb_img_0 \"                   data-id=\"24\"                   data-width=\"\"                   data-height=\"\"                   data-src=\"http:\/\/www.rode.awadoo.de\/blog\/wp-content\/uploads\/photo-gallery\/thumb\/20140810-Glas-VR2_9900.jpg\"                   src=\"http:\/\/www.rode.awadoo.de\/blog\/wp-content\/uploads\/photo-gallery\/thumb\/20140810-Glas-VR2_9900.jpg\"                   alt=\"20140810-Glas-VR2_9900\"                   title=\"20140810-Glas-VR2_9900\" \/>            <\/div>            <div class=\"\">              <div class=\"bwg-title1\"><div class=\"bwg-title2\">20140810-Glas-VR2_9900<\/div><\/div>                                        <\/div>          <\/div>        <\/div>                        <\/a>              <\/div>            <div class=\"bwg-item\">        <a class=\"bwg-a bwg_lightbox\"  data-image-id=\"23\" href=\"http:\/\/www.rode.awadoo.de\/blog\/wp-content\/uploads\/photo-gallery\/20140712-Glas-VR2_9527.jpg\" data-elementor-open-lightbox=\"no\">                <div class=\"bwg-item0 \">          <div class=\"bwg-item1 \">            <div class=\"bwg-item2\">              <img class=\"skip-lazy bwg_standart_thumb_img_0 \"                   data-id=\"23\"                   data-width=\"\"                   data-height=\"\"                   data-src=\"http:\/\/www.rode.awadoo.de\/blog\/wp-content\/uploads\/photo-gallery\/thumb\/20140712-Glas-VR2_9527.jpg\"                   src=\"http:\/\/www.rode.awadoo.de\/blog\/wp-content\/uploads\/photo-gallery\/thumb\/20140712-Glas-VR2_9527.jpg\"                   alt=\"20140712-Glas-VR2_9527\"                   title=\"20140712-Glas-VR2_9527\" \/>            <\/div>            <div class=\"\">              <div class=\"bwg-title1\"><div class=\"bwg-title2\">20140712-Glas-VR2_9527<\/div><\/div>                                        <\/div>          <\/div>        <\/div>                        <\/a>              <\/div>            <div class=\"bwg-item\">        <a class=\"bwg-a bwg_lightbox\"  data-image-id=\"22\" href=\"http:\/\/www.rode.awadoo.de\/blog\/wp-content\/uploads\/photo-gallery\/20140712-Glas-VR2_9519.jpg\" data-elementor-open-lightbox=\"no\">                <div class=\"bwg-item0 \">          <div class=\"bwg-item1 \">            <div class=\"bwg-item2\">              <img class=\"skip-lazy bwg_standart_thumb_img_0 \"                   data-id=\"22\"                   data-width=\"\"                   data-height=\"\"                   data-src=\"http:\/\/www.rode.awadoo.de\/blog\/wp-content\/uploads\/photo-gallery\/thumb\/20140712-Glas-VR2_9519.jpg\"                   src=\"http:\/\/www.rode.awadoo.de\/blog\/wp-content\/uploads\/photo-gallery\/thumb\/20140712-Glas-VR2_9519.jpg\"                   alt=\"20140712-Glas-VR2_9519\"                   title=\"20140712-Glas-VR2_9519\" \/>            <\/div>            <div class=\"\">              <div class=\"bwg-title1\"><div class=\"bwg-title2\">20140712-Glas-VR2_9519<\/div><\/div>                                        <\/div>          <\/div>        <\/div>                        <\/a>              <\/div>            <div class=\"bwg-item\">        <a class=\"bwg-a bwg_lightbox\"  data-image-id=\"21\" href=\"http:\/\/www.rode.awadoo.de\/blog\/wp-content\/uploads\/photo-gallery\/20140711-Glas-VR2_9492.jpg\" data-elementor-open-lightbox=\"no\">                <div class=\"bwg-item0 \">          <div class=\"bwg-item1 \">            <div class=\"bwg-item2\">              <img class=\"skip-lazy bwg_standart_thumb_img_0 \"                   data-id=\"21\"                   data-width=\"\"                   data-height=\"\"                   data-src=\"http:\/\/www.rode.awadoo.de\/blog\/wp-content\/uploads\/photo-gallery\/thumb\/20140711-Glas-VR2_9492.jpg\"                   src=\"http:\/\/www.rode.awadoo.de\/blog\/wp-content\/uploads\/photo-gallery\/thumb\/20140711-Glas-VR2_9492.jpg\"                   alt=\"20140711-Glas-VR2_9492\"                   title=\"20140711-Glas-VR2_9492\" \/>            <\/div>            <div class=\"\">              <div class=\"bwg-title1\"><div class=\"bwg-title2\">20140711-Glas-VR2_9492<\/div><\/div>                                        <\/div>          <\/div>        <\/div>                        <\/a>              <\/div>            <div class=\"bwg-item\">        <a class=\"bwg-a bwg_lightbox\"  data-image-id=\"20\" href=\"http:\/\/www.rode.awadoo.de\/blog\/wp-content\/uploads\/photo-gallery\/20140711-Glas-VR2_9473.jpg\" data-elementor-open-lightbox=\"no\">                <div class=\"bwg-item0 \">          <div class=\"bwg-item1 \">            <div class=\"bwg-item2\">              <img class=\"skip-lazy bwg_standart_thumb_img_0 \"                   data-id=\"20\"                   data-width=\"\"                   data-height=\"\"                   data-src=\"http:\/\/www.rode.awadoo.de\/blog\/wp-content\/uploads\/photo-gallery\/thumb\/20140711-Glas-VR2_9473.jpg\"                   src=\"http:\/\/www.rode.awadoo.de\/blog\/wp-content\/uploads\/photo-gallery\/thumb\/20140711-Glas-VR2_9473.jpg\"                   alt=\"20140711-Glas-VR2_9473\"                   title=\"20140711-Glas-VR2_9473\" \/>            <\/div>            <div class=\"\">              <div class=\"bwg-title1\"><div class=\"bwg-title2\">20140711-Glas-VR2_9473<\/div><\/div>                                        <\/div>          <\/div>        <\/div>                        <\/a>              <\/div>          <\/div>    <style>      \/*pagination styles*\/      #bwg_container1_0 #bwg_container2_0 .tablenav-pages_0 {\t\t\t\ttext-align: center;\t\t\t\tfont-size: 12px;\t\t\t\tfont-family: segoe ui;\t\t\t\tfont-weight: bold;\t\t\t\tcolor: #666666;\t\t\t\tmargin: 6px 0 4px;\t\t\t\tdisplay: block;      }      @media only screen and (max-width : 320px) {      #bwg_container1_0 #bwg_container2_0 .displaying-num_0 {     \t display: none;      }      }      #bwg_container1_0 #bwg_container2_0 .displaying-num_0 {\t\t\t\tfont-size: 12px;\t\t\t\tfont-family: segoe ui;\t\t\t\tfont-weight: bold;\t\t\t\tcolor: #666666;\t\t\t\tmargin-right: 10px;\t\t\t\tvertical-align: middle;      }      #bwg_container1_0 #bwg_container2_0 .paging-input_0 {\t\t\t\tfont-size: 12px;\t\t\t\tfont-family: segoe ui;\t\t\t\tfont-weight: bold;\t\t\t\tcolor: #666666;\t\t\t\tvertical-align: middle;      }      #bwg_container1_0 #bwg_container2_0 .tablenav-pages_0 a.disabled,      #bwg_container1_0 #bwg_container2_0 .tablenav-pages_0 a.disabled:hover,      #bwg_container1_0 #bwg_container2_0 .tablenav-pages_0 a.disabled:focus,\t\t\t#bwg_container1_0 #bwg_container2_0 .tablenav-pages_0 input.bwg_current_page {\t\t\t\tcursor: default;\t\t\t\tcolor: rgba(102, 102, 102, 0.5);      }      #bwg_container1_0 #bwg_container2_0 .tablenav-pages_0 a,      #bwg_container1_0 #bwg_container2_0 .tablenav-pages_0 input.bwg_current_page {\t\t\t\tcursor: pointer;\t\t\t\ttext-align: center;\t\t\t\tfont-size: 12px;\t\t\t\tfont-family: segoe ui;\t\t\t\tfont-weight: bold;\t\t\t\tcolor: #666666;\t\t\t\ttext-decoration: none;\t\t\t\tpadding: 3px 6px;\t\t\t\tmargin: 0;\t\t\t\tborder-radius: 0;\t\t\t\tborder-style: solid;\t\t\t\tborder-width: 1px;\t\t\t\tborder-color: #E3E3E3;\t\t\t\tbackground-color: #FFFFFF;\t\t\t\topacity: 1.00;\t\t\t\tbox-shadow: 0;\t\t\t\ttransition: all 0.3s ease 0s;-webkit-transition: all 0.3s ease 0s;      }      <\/style>      <span class=\"bwg_nav_cont_0\">              <div class=\"tablenav-pages_0\">                  <\/div>                <input type=\"hidden\" id=\"page_number_0\" name=\"page_number_0\" value=\"1\" \/>      <script type=\"text\/javascript\">        if( jQuery('.bwg_nav_cont_0').length > 1 ) {          jQuery('.bwg_nav_cont_0').first().remove()        }        function spider_page_0(cur, x, y, load_more) {          if (typeof load_more == \"undefined\") {            var load_more = false;          }          if (jQuery(cur).hasClass('disabled')) {            return false;          }          var items_county_0 = 1;          switch (y) {            case 1:              if (x >= items_county_0) {                document.getElementById('page_number_0').value = items_county_0;              }              else {                document.getElementById('page_number_0').value = x + 1;              }              break;            case 2:              document.getElementById('page_number_0').value = items_county_0;              break;            case -1:              if (x == 1) {                document.getElementById('page_number_0').value = 1;              }              else {                document.getElementById('page_number_0').value = x - 1;              }              break;            case -2:              document.getElementById('page_number_0').value = 1;              break;\t\t\t\t\t\tcase 0:              document.getElementById('page_number_0').value = x;              break;            default:              document.getElementById('page_number_0').value = 1;          }          bwg_ajax('gal_front_form_0', '0', 'bwg_thumbnails_0', '0', '', 'gallery', 0, '', '', load_more, '', 1);        }                    jQuery('.first-page-0').on('click', function () {              spider_page_0(this, 1, -2, 'numeric');              return false;            });            jQuery('.prev-page-0').on('click', function () {              spider_page_0(this, 1, -1, 'numeric');              return false;            });            jQuery('.next-page-0').on('click', function () {              spider_page_0(this, 1, 1, 'numeric');              return false;            });            jQuery('.last-page-0').on('click', function () {              spider_page_0(this, 1, 2, 'numeric');              return false;            });        \t\t\t\t\/* Change page on input enter. *\/        function bwg_change_page_0( e, that ) {          if (  e.key == 'Enter' ) {            var to_page = parseInt(jQuery(that).val());            var pages_count = jQuery(that).parents(\".pagination-links\").data(\"pages-count\");            var current_url_param = jQuery(that).attr('data-url-info');            if (to_page > pages_count) {              to_page = 1;            }\t \t\t\t\t\t\t\t\t\t\t\t\tspider_page_0(this, to_page, 0, 'numeric');\t\t\t\t\t\t\treturn false;\t\t\t\t\t\t          }          return true;        }        jQuery('.bwg_load_btn_0').on('click', function () {            spider_page_0(this, 1, 1, true);            return false;        });      <\/script>      <\/span>                <\/div>        <\/form>        <style>          #bwg_container1_0 #bwg_container2_0 #spider_popup_overlay_0 {          background-color: #000000;          opacity: 0.70;          }          <\/style>        <div id=\"bwg_spider_popup_loading_0\" class=\"bwg_spider_popup_loading\"><\/div>        <div id=\"spider_popup_overlay_0\" class=\"spider_popup_overlay\" onclick=\"spider_destroypopup(1000)\"><\/div>        <input type=\"hidden\" id=\"bwg_random_seed_0\" value=\"1858917802\">                <\/div>    <\/div>    <script>      if (document.readyState === 'complete') {        if( typeof bwg_main_ready == 'function' ) {          if ( jQuery(\"#bwg_container1_0\").height() ) {            bwg_main_ready(jQuery(\"#bwg_container1_0\"));          }        }      } else {        document.addEventListener('DOMContentLoaded', function() {          if( typeof bwg_main_ready == 'function' ) {            if ( jQuery(\"#bwg_container1_0\").height() ) {             bwg_main_ready(jQuery(\"#bwg_container1_0\"));            }          }        });      }    <\/script>    \n<p>Glas, l\u00f6chrige Oberfl\u00e4che, Blitz und viel Geduld, denn bei den Bildern sieht man Unregelm\u00e4\u00dfigkeiten, obwohl man meint, dass der Aufbau perfekt symmetrisch steht.<\/p>\n<p>Diese Bilder sind nicht das Ergebnis eines Rendering-Programms sondern reiner Fotografie. Zus\u00e4tzlich sind sie auch nur dezent in Photoshop nachbearbeitet, wenn denn \u00fcberhaupt, denn das Hauptprogramm bei meinem Arbeitsprozess ist Lightroom.<\/p>\n<p>Die Bilder entstehen nach und nach in immer gr\u00f6\u00dferer Varianz und zunehmender Qualit\u00e4t. Immer wieder sieht man erst am Rechner, was man noch alles beachten muss. Manchmal findet man Fehlerquellen wie ungewollte Spiegelungen, Schatten etc. erst nach einigem Ausprobieren. Diese Bilder sind noch nicht die Endg\u00fcltigen, die ich zur Ausbelichtung geben werde, denn dazu fehlt noch die Feinbearbeitung in Photoshop (Symmetrie, Staub stemplen, \u2026)<\/p>\n<p>&nbsp;<\/p>\n","protected":false},"excerpt":{"rendered":"<p>Glas, l\u00f6chrige Oberfl\u00e4che, Blitz und viel Geduld, denn bei den&#8230;<\/p>\n","protected":false},"author":1,"featured_media":0,"parent":494,"menu_order":9,"comment_status":"open","ping_status":"open","template":"","meta":{"_s2mail":"no","ngg_post_thumbnail":0,"spay_email":""},"language":[5],"jetpack_sharing_enabled":true,"jetpack_shortlink":"https:\/\/wp.me\/P86zzF-pl","_links":{"self":[{"href":"http:\/\/www.rode.awadoo.de\/blog\/index.php?rest_route=\/wp\/v2\/pages\/1571"}],"collection":[{"href":"http:\/\/www.rode.awadoo.de\/blog\/index.php?rest_route=\/wp\/v2\/pages"}],"about":[{"href":"http:\/\/www.rode.awadoo.de\/blog\/index.php?rest_route=\/wp\/v2\/types\/page"}],"author":[{"embeddable":true,"href":"http:\/\/www.rode.awadoo.de\/blog\/index.php?rest_route=\/wp\/v2\/users\/1"}],"replies":[{"embeddable":true,"href":"http:\/\/www.rode.awadoo.de\/blog\/index.php?rest_route=%2Fwp%2Fv2%2Fcomments&post=1571"}],"version-history":[{"count":3,"href":"http:\/\/www.rode.awadoo.de\/blog\/index.php?rest_route=\/wp\/v2\/pages\/1571\/revisions"}],"predecessor-version":[{"id":1749,"href":"http:\/\/www.rode.awadoo.de\/blog\/index.php?rest_route=\/wp\/v2\/pages\/1571\/revisions\/1749"}],"up":[{"embeddable":true,"href":"http:\/\/www.rode.awadoo.de\/blog\/index.php?rest_route=\/wp\/v2\/pages\/494"}],"wp:attachment":[{"href":"http:\/\/www.rode.awadoo.de\/blog\/index.php?rest_route=%2Fwp%2Fv2%2Fmedia&parent=1571"}],"wp:term":[{"taxonomy":"language","embeddable":true,"href":"http:\/\/www.rode.awadoo.de\/blog\/index.php?rest_route=%2Fwp%2Fv2%2Flanguage&post=1571"}],"curies":[{"name":"wp","href":"https:\/\/api.w.org\/{rel}","templated":true}]}}