{"id":1060,"date":"2011-12-08T15:18:04","date_gmt":"2011-12-08T14:18:04","guid":{"rendered":"http:\/\/www.rode.awadoo.de\/blog\/?page_id=1060"},"modified":"2012-08-22T16:46:45","modified_gmt":"2012-08-22T16:46:45","slug":"fotogruppe-ritterhude","status":"publish","type":"page","link":"http:\/\/www.rode.awadoo.de\/blog\/?page_id=1060","title":{"rendered":"Fotogruppe Ritterhude"},"content":{"rendered":"<p style=\"text-align: center;\"><strong>Die Fotogruppe hat jetzt <a href=\"http:\/\/www.rode.awadoo.de\/fgr\/\" target=\"_blank\">eine eigene Web-Seite<\/a><\/strong><\/p>\n<p>Die Fotogruppe Ritterhude wurde 1981 gegr\u00fcndet. Derzeit besteht die Gruppe aus elf festen Mitgliedern (zwei Fotografinnen und neun Fotografen im Alter zwischen Anfang vierzig und Anfang siebzig), die das Hobby Fotografie verbindet. Die Mitglieder wohnen im Landkreis Osterholz und in Bremen-Nord.<\/p>\n<p>&nbsp;<\/p>\n<p>Neben fotografischen Schwerpunkten wie der Naturfotografie, der Architekturfotografie, der Landschaftsfotografie und der Portr\u00e4tfotografie befassen wir uns mit der Bildgestaltung, der Aufnahmetechnik und der digitalen Bildbearbeitung.<\/p>\n<p>&nbsp;<\/p>\n<p>Derzeit liegt ein Schwerpunkt der Gruppenaktivit\u00e4ten in der Begleitung des Projektes \u201eLebenswandel am Scharmbecker Bach\u201c vom BUND, Kreisgruppe Osterholz, und der Biologischen Station Osterholz. Mit der Aktion \u201cFotokunst am Bach\u201d wollen wir dazu beitragen, die Osterholz-Scharmbecker f\u00fcr den Lebensraum Bach zu interessieren und zu sensibilisieren.<\/p>\n<p>&nbsp;<\/p>\n<p>Folgende Themen bearbeiten wir:<\/p>\n<ul>\n<li>Lebensraum Scharmbecker Bach<\/li>\n<li>Der Scharmbecker Bach im Wechsel der Jahreszeiten<\/li>\n<li>Mehr Natur am Scharmbecker Bach<\/li>\n<li>Scharmbecker Bach \u2013 gestern und heute<\/li>\n<\/ul>\n<p>&nbsp;<\/p>\n<p>Das Projekt und unsere Aktion werden im Fr\u00fchjahr 2013 mit einer Fotoausstellung und dem Erscheinen eines Fotobuches enden.<\/p>\n<p>Die Fotogruppe ist Mitglied im Heimatverein Ritterhude. Wir treffen uns an jedem ersten Donnerstag im Monat um 19:30 Uhr in der Ritterhude M\u00fchle. Bei unseren Treffen besprechen wir Papierbilder und digitale Dateien, die wir mit einem Beamer projizieren. Ein reger Erfahrungsaustausch \u00fcber fotografische Themen aller Art geh\u00f6rt ebenfalls zu jedem Gruppenabend. Zwei unserer Mitglieder erstellen AV-Schauen und pr\u00e4sentieren an ausgew\u00e4hlten Abenden ihre aktuellen Produktionen. Gemeinsame Exkursionen an fotografisch besonders interessante Orte und Fotoausstellungen runden das Programm ab.<\/p>\n<p>Alle fotografisch Interessierten sind herzlich willkommen!<\/p>\n<table border=\"0\">\n<tbody>\n<tr>\n<td><strong>Fotogruppe Ritterhude<\/strong><br \/>Windm\u00fchlenstra\u00dfe 16<br \/>27721 Ritterhude<\/td>\n<td><img loading=\"lazy\" class=\"aligncenter size-full wp-image-1379\" title=\"LogoFotogruppeInv\" src=\"http:\/\/www.rode.awadoo.de\/blog\/wp-content\/uploads\/2011\/08\/LogoFotogruppeInv.jpg\" alt=\"\" width=\"194\" height=\"137\" \/><\/td>\n<\/tr>\n<\/tbody>\n<\/table>\n<p>&nbsp;<\/p>\n<p>&nbsp;<\/p>\n<p><strong>Ansprechpartner:<\/strong><\/p>\n<p>Klaus Lampe, T.: 04791\/12332, E-Mail: lampe-ohz (at) gmx.de<\/p>\n","protected":false},"excerpt":{"rendered":"<p>Die Fotogruppe hat jetzt eine eigene Web-Seite Die Fotogruppe Ritterhude&#8230;<\/p>\n","protected":false},"author":1,"featured_media":0,"parent":0,"menu_order":70,"comment_status":"open","ping_status":"closed","template":"","meta":{"_s2mail":"no","ngg_post_thumbnail":0,"spay_email":""},"language":[],"jetpack_sharing_enabled":true,"jetpack_shortlink":"https:\/\/wp.me\/P86zzF-h6","_links":{"self":[{"href":"http:\/\/www.rode.awadoo.de\/blog\/index.php?rest_route=\/wp\/v2\/pages\/1060"}],"collection":[{"href":"http:\/\/www.rode.awadoo.de\/blog\/index.php?rest_route=\/wp\/v2\/pages"}],"about":[{"href":"http:\/\/www.rode.awadoo.de\/blog\/index.php?rest_route=\/wp\/v2\/types\/page"}],"author":[{"embeddable":true,"href":"http:\/\/www.rode.awadoo.de\/blog\/index.php?rest_route=\/wp\/v2\/users\/1"}],"replies":[{"embeddable":true,"href":"http:\/\/www.rode.awadoo.de\/blog\/index.php?rest_route=%2Fwp%2Fv2%2Fcomments&post=1060"}],"version-history":[{"count":3,"href":"http:\/\/www.rode.awadoo.de\/blog\/index.php?rest_route=\/wp\/v2\/pages\/1060\/revisions"}],"predecessor-version":[{"id":1427,"href":"http:\/\/www.rode.awadoo.de\/blog\/index.php?rest_route=\/wp\/v2\/pages\/1060\/revisions\/1427"}],"wp:attachment":[{"href":"http:\/\/www.rode.awadoo.de\/blog\/index.php?rest_route=%2Fwp%2Fv2%2Fmedia&parent=1060"}],"wp:term":[{"taxonomy":"language","embeddable":true,"href":"http:\/\/www.rode.awadoo.de\/blog\/index.php?rest_route=%2Fwp%2Fv2%2Flanguage&post=1060"}],"curies":[{"name":"wp","href":"https:\/\/api.w.org\/{rel}","templated":true}]}}